{"id":707,"date":"2016-01-27T22:49:03","date_gmt":"2016-01-27T22:49:03","guid":{"rendered":"http:\/\/www.medjugorje-orbis3.com\/pl\/medjugorje\/"},"modified":"2016-03-17T19:22:23","modified_gmt":"2016-03-17T19:22:23","slug":"medjugorje","status":"publish","type":"page","link":"https:\/\/www.medjugorje-orbis3.com\/pl\/medjugorje\/","title":{"rendered":"Medjugorje"},"content":{"rendered":"[vc_row css=&#8221;.vc_custom_1458239868814{margin-right: 20px !important;margin-left: 20px !important;}&#8221;][vc_column][vc_column_text css_animation=&#8221;top-to-bottom&#8221;]<img loading=\"lazy\" class=\"wp-image-444 size-full alignright\" src=\"http:\/\/www.medjugorje-orbis3.com\/wp-content\/uploads\/2016\/02\/medjugorje-555x300.png\" alt=\"medjugorje\" width=\"555\" height=\"300\" srcset=\"https:\/\/www.medjugorje-orbis3.com\/wp-content\/uploads\/2016\/02\/medjugorje-555x300.png 555w, https:\/\/www.medjugorje-orbis3.com\/wp-content\/uploads\/2016\/02\/medjugorje-555x300-300x162.png 300w\" sizes=\"(max-width: 555px) 100vw, 555px\" \/><\/p>\n<p class=\"medjugorje_1\"><strong>Medjugorje<\/strong> jest jednym z najbardziej znanych sanktuari\u00f3w katolickich na \u015bwiecie, po\u0142o\u017cone w po\u0142udniowej cz\u0119\u015bci Bo\u015bni i Hercegowiny, 25 km na po\u0142udnie od Mostaru. W ca\u0142ym regionie zamieszkiwanym przez Chorwat\u00f3w, kt\u00f3rzy otrzymali chrze\u015bcija\u0144stwo ponad 13 wiek\u00f3w. W dokumentach historycznych, to osada wzmiankowana po raz pierwszy w 1599 roku obecna parafia zosta\u0142a za\u0142o\u017cona w 1892 roku i jest pod wezwaniem <strong>\u015bw Jakuba Aposto\u0142a<\/strong>, opiekuna pielgrzym\u00f3w.<\/p>\n<p class=\"medjugorje_1\">Ma oko\u0142o 4300 mieszka\u0144c\u00f3w i roku przysz\u0142o oko\u0142o miliona pielgrzym\u00f3w z ca\u0142ego \u015bwiata. Do 24 czerwca 1981 roku Medziugorje \u017cy\u0142o podobnie jak i innych miejscowo\u015bciach tego regionu: ludzie pracowali na roli, wzros\u0142a tytoniu i mia\u0142 winnice, wino i warzywa produkowane w celu uzyskania wystarczy na skromne \u017cycie dla swoich rodzin. Ze wzgl\u0119du na okoliczno\u015bci spo\u0142ecznych, wielu posz\u0142o w \u015bwiat: nad oceanem w krajach Europy Zachodniej, a tak\u017ce w innych miastach w Bo\u015bni i Hercegowinie oraz w Chorwacji.<\/p>\n<p class=\"medjugorje_1\"><strong>24 czerwca 1981<\/strong>, oko\u0142o 6 pm, sze\u015b\u0107 m\u0142odzi ludzie widzieli na wzg\u00f3rzu zwanym Crnica, kilkaset metr\u00f3w ponad miejscem zwanym Podbrdo, m\u0142oda kobieta z dzieckiem na r\u0119ku, kt\u00f3re r\u0119cznie sygnalizowanych jej podej\u015bcie. Zaskoczony i przera\u017cony, \u017ce nie przyjdzie.<\/p>\n<p class=\"medjugorje_1\">Nast\u0119pnego dnia, <strong>25 czerwca, 1981<\/strong>, w tym samym czasie czu\u0142em siln\u0105 potrzeb\u0119, aby powr\u00f3ci\u0107 do miejsca, w kt\u00f3rym zobaczy\u0142 m\u0142od\u0105 kobiet\u0119, kt\u00f3rego rozpoznali jako Matk\u0119 Bo\u017c\u0105. Potem przyjdzie ponownie, gdzie modlili si\u0119 i rozmawiali z ni\u0105, a ona przedstawi\u0142a si\u0119 jako Kr\u00f3lowa Pokoju i dlatego w dniu 25 czerwca obchodzony jest w rocznic\u0119 objawie\u0144. Wed\u0142ug \u015bwiadectwa wizjoner\u00f3w, od tego dnia codziennie dla niekt\u00f3rych z nich ostatniego objawienia, a niekt\u00f3re to widz\u0119 tylko w okre\u015blonych terminach, gdziekolwiek si\u0119 znajduj\u0105.<\/p>\n<p class=\"medjugorje_1\">W trzecim dniu objawie\u0144, <strong>26 czerwca, 1981<\/strong>, pierwsze wezwanie Matki Bo\u017cej do pokoju za s\u0142owa: <strong><em>\u201cPok\u00f3j, pok\u00f3j, pok\u00f3j \u2013 i tylko pok\u00f3j! Pok\u00f3j musi zapanowa\u0107 pomi\u0119dzy Bogiem i mi\u0119dzy lud\u017ami!\u201d<\/em><\/strong><\/p>\n<p><img loading=\"lazy\" class=\"alignleft size-full wp-image-443\" src=\"http:\/\/www.medjugorje-orbis3.com\/wp-content\/uploads\/2016\/02\/Medjugorje_cross-555x315.png\" alt=\"Medjugorje_cross\" width=\"555\" height=\"315\" srcset=\"https:\/\/www.medjugorje-orbis3.com\/wp-content\/uploads\/2016\/02\/Medjugorje_cross-555x315.png 555w, https:\/\/www.medjugorje-orbis3.com\/wp-content\/uploads\/2016\/02\/Medjugorje_cross-555x315-300x170.png 300w\" sizes=\"(max-width: 555px) 100vw, 555px\" \/><\/p>\n<p class=\"medjugorje_1\">Przyci\u0105gane przez objawie\u0144 i or\u0119dzi Matki Bo\u017cej, ludzi \u2013 pierwszych parafian, a nast\u0119pnie tych, z okolicznych wsi, a na ca\u0142ym \u015bwiecie \u2013 zacz\u0119li si\u0119 gromadzi\u0107 i modli\u0107 si\u0119.<br \/>\nObjawienie Kr\u00f3lowej Pokoju, Medjugorje sta\u0142o si\u0119 nieuniknione przeznaczenia z bogatej tre\u015bci religijnej i modlitwy za miliony pielgrzym\u00f3w z ca\u0142ego \u015bwiata.<br \/>\nPrzez ca\u0142y rok odbywaj\u0105 si\u0119 liczne w Medziugorju seminaria i spotkania religijne, a w\u015br\u00f3d nich, musimy zwr\u00f3ci\u0107 uwag\u0119 na <strong>Festiwalu M\u0142odzie\u017cy<\/strong>, kt\u00f3ry ju\u017c od ponad <strong>20 lat<\/strong> w Medziugorju. M\u0142odzie\u017cowy Festiwal odbywa si\u0119 co roku w pierwszych dniach sierpnia, w trakcie jego trwania Medjugorje jest \u015bwiatowym centrum m\u0142odzie\u017cy, z kt\u00f3rego wysy\u0142ane wiadomo\u015bci o \u015bwiatowym pokoju, mi\u0142o\u015bci i wiary.<\/p>\n<p class=\"medjugorje_1\">Wszystko o Medjugorje, jeden z najbardziej znanych sanktuari\u00f3w maryjnych na \u015bwiecie mo\u017cna znale\u017a\u0107 na oficjalnej stronie internetowej <a href=\"http:\/\/www.medjugorje.hr\/\" target=\"_blank\">www.medjugorje.hr<\/a>.<\/p>\n[\/vc_column_text][\/vc_column][\/vc_row]\n","protected":false},"excerpt":{"rendered":"<p>[vc_row css=&#8221;.vc_custom_1458239868814{margin-right: 20px !important;margin-left: 20px !important;}&#8221;][vc_column][vc_column_text css_animation=&#8221;top-to-bottom&#8221;] Medjugorje jest jednym z najbardziej znanych sanktuari\u00f3w katolickich na \u015bwiecie, po\u0142o\u017cone w po\u0142udniowej cz\u0119\u015bci Bo\u015bni i Hercegowiny, 25 km na po\u0142udnie od Mostaru. W ca\u0142ym regionie zamieszkiwanym przez Chorwat\u00f3w, kt\u00f3rzy otrzymali chrze\u015bcija\u0144stwo ponad 13 wiek\u00f3w. W dokumentach historycznych, to osada wzmiankowana po raz pierwszy w 1599 roku obecna [&hellip;]<\/p>\n","protected":false},"author":1,"featured_media":0,"parent":0,"menu_order":0,"comment_status":"closed","ping_status":"closed","template":"","meta":[],"_links":{"self":[{"href":"https:\/\/www.medjugorje-orbis3.com\/pl\/wp-json\/wp\/v2\/pages\/707"}],"collection":[{"href":"https:\/\/www.medjugorje-orbis3.com\/pl\/wp-json\/wp\/v2\/pages"}],"about":[{"href":"https:\/\/www.medjugorje-orbis3.com\/pl\/wp-json\/wp\/v2\/types\/page"}],"author":[{"embeddable":true,"href":"https:\/\/www.medjugorje-orbis3.com\/pl\/wp-json\/wp\/v2\/users\/1"}],"replies":[{"embeddable":true,"href":"https:\/\/www.medjugorje-orbis3.com\/pl\/wp-json\/wp\/v2\/comments?post=707"}],"version-history":[{"count":2,"href":"https:\/\/www.medjugorje-orbis3.com\/pl\/wp-json\/wp\/v2\/pages\/707\/revisions"}],"predecessor-version":[{"id":722,"href":"https:\/\/www.medjugorje-orbis3.com\/pl\/wp-json\/wp\/v2\/pages\/707\/revisions\/722"}],"wp:attachment":[{"href":"https:\/\/www.medjugorje-orbis3.com\/pl\/wp-json\/wp\/v2\/media?parent=707"}],"curies":[{"name":"wp","href":"https:\/\/api.w.org\/{rel}","templated":true}]}}