{"id":675,"date":"2016-01-22T18:18:57","date_gmt":"2016-01-22T18:18:57","guid":{"rendered":"http:\/\/www.medjugorje-orbis3.com\/pl\/rezervacija\/"},"modified":"2016-03-23T13:29:15","modified_gmt":"2016-03-23T13:29:15","slug":"rezerwacje","status":"publish","type":"page","link":"https:\/\/www.medjugorje-orbis3.com\/pl\/rezerwacje\/","title":{"rendered":"Rezerwacje"},"content":{"rendered":"[vc_row content_placement=&#8221;top&#8221; el_id=&#8221;rezervacije&#8221;][vc_column width=&#8221;2\/3&#8243;][\/vc_column][vc_column width=&#8221;1\/3&#8243; el_class=&#8221;rezervacije&#8221;]        <!-- Reservation form -->\n        <div class=\"mt50\">\n            <div id=\"reservation-form\" class=\"mt50 clearfix\">\n                <div class=\"row col-sm-12\">\n                    <form class=\"reservation-vertical clearfix\" role=\"form\" method=\"post\" action=\"https:\/\/www.medjugorje-orbis3.com\/wp-content\/themes\/starhotel\/inc\/reservation.php\" name=\"reservationform\"\n                          id=\"reservationform\">\n                        <h2 class=\"lined-heading\"><span>Rezerwacje<\/span><\/h2>\n\n                        <!-- Error message -->\n                        <div id=\"message\"><\/div>\n                        <div class=\"form-group\">\n                            <label for=\"email\" accesskey=\"E\">E-mail<\/label>\n                                                            <div class=\"popover-icon\" data-container=\"body\" data-toggle=\"popover\"\n                                     data-trigger=\"hover\" data-placement=\"right\"\n                                     data-content=\"Prosz\u0119 poda\u0107 adres e-mail\"><i\n                                        class=\"fa fa-info-circle fa-lg\"> <\/i><\/div>\n                                                        <input name=\"email\" type=\"text\" id=\"email\" value=\"\" class=\"form-control\"\n                                   placeholder=\"Prosz\u0119 podaj sw\u00f3j e-mail\"\/>\n                        <\/div>\n                                                    <div class=\"form-group\">\n                            <label for=\"room\">Rodzaj pokoju<\/label>\n                                                            <div class=\"popover-icon\" data-container=\"body\" data-toggle=\"popover\"\n                                     data-trigger=\"hover\" data-placement=\"right\"\n                                     data-content=\"Wybierz pok\u00f3j\"><i\n                                        class=\"fa fa-info-circle fa-lg\"> <\/i><\/div>\n                                                            \n                                    <select class=\"form-control\" name=\"room\" id=\"room\">\n                                        <option selected=\"selected\" disabled=\"disabled\">Wybierz pok\u00f3j<\/option>                                      \n                                                                                                                                        <option value=\"Pok\u00f3j czteroosobowy\">Pok\u00f3j czteroosobowy<\/option>\n                                                                                                            <option value=\"Trzyosobowy pok\u00f3j\">Trzyosobowy pok\u00f3j<\/option>\n                                                                                                            <option value=\"Pok\u00f3j dwuosobowy &#8211; \u0142\u00f3\u017cko ma\u0142\u017ce\u0144skie\">Pok\u00f3j dwuosobowy &#8211; \u0142\u00f3\u017cko ma\u0142\u017ce\u0144skie<\/option>\n                                                                                                            <option value=\"Pok\u00f3j dwuosobowy\">Pok\u00f3j dwuosobowy<\/option>\n                                                                                                            <option value=\"Pok\u00f3j jednoosobowy\">Pok\u00f3j jednoosobowy<\/option>\n                                                                                                                                            \n                                    <\/select>                            \n                        <\/div>\n                      <div class=\"form-group\">\n                            <label for=\"checkin\">Zameldowa\u0107 si\u0119<\/label>\n                                                            <div class=\"popover-icon\" data-container=\"body\" data-toggle=\"popover\"\n                                     data-trigger=\"hover\" data-placement=\"right\"\n                                     data-content=\"Zameldowanie odbywa si\u0119 jest od 11:00\"><i\n                                        class=\"fa fa-info-circle fa-lg\"> <\/i><\/div>\n                                                            <i class=\"fa fa-calendar infield\"><\/i>\n                            <input name=\"checkin\" type=\"text\" id=\"checkin\" value=\"\" class=\"form-control\"\n                                   placeholder=\"Zameldowa\u0107 si\u0119\"\/>\n                        <\/div>\n                        <div class=\"form-group\">\n                            <label for=\"checkout\">Wymeldowa\u0107 si\u0119<\/label>\n                                                            <div class=\"popover-icon\" data-container=\"body\" data-toggle=\"popover\"\n                                     data-trigger=\"hover\" data-placement=\"right\"\n                                     data-content=\"Wymeldowanie do 12:00\"><i\n                                        class=\"fa fa-info-circle fa-lg\"> <\/i><\/div>\n                                                            <i class=\"fa fa-calendar infield\"><\/i>\n                            <input name=\"checkout\" type=\"text\" id=\"checkout\" value=\"\" class=\"form-control\"\n                                   placeholder=\"Wymeldowa\u0107 si\u0119\"\/>\n                        <\/div>\n                        <div class=\"form-group\">\n                            <div class=\"guests-select\">\n                                <label>Go\u015bcie<\/label>\n                                <i class=\"fa fa-user infield\"><\/i>\n                                <div class=\"total form-control\" id=\"test\">1<\/div>\n                                <div class=\"guests\">\n                                    <div class=\"form-group adults\">\n                                        <label for=\"adults\">Doro\u015bli<\/label>\n                                                                                    <div class=\"popover-icon\" data-container=\"body\" data-toggle=\"popover\"\n                                                 data-trigger=\"hover\" data-placement=\"right\"\n                                                 data-content=\"+18 lat\"><i\n                                                    class=\"fa fa-info-circle fa-lg\"> <\/i><\/div>\n                                                                                <select name=\"adults\" id=\"adults\" class=\"form-control\">\n                                            <option value='1'>1 <\/option><option value='2'>2 <\/option><option value='3'>3 <\/option><option value='4'>4 <\/option><option value='5'>5 <\/option><option value='6'>6 <\/option><option value='7'>7 <\/option><option value='8'>8 <\/option><option value='9'>9 <\/option><option value='10'>10 <\/option>                                        <\/select>\n                                    <\/div>\n                                    <div class=\"form-group children\">\n                                        <label for=\"children\">Dzieci<\/label>\n                                                                                    <div class=\"popover-icon\" data-container=\"body\" data-toggle=\"popover\"\n                                                 data-trigger=\"hover\" data-placement=\"right\"\n                                                 data-content=\"0 do 18 lat\"><i\n                                                    class=\"fa fa-info-circle fa-lg\"> <\/i><\/div>\n                                                                                    <select\n                                            name=\"children\" id=\"children\" class=\"form-control\">\n                                            <option value='0'>0 <\/option><option value='1'>1 <\/option><option value='2'>2 <\/option><option value='3'>3 <\/option><option value='4'>4 <\/option><option value='5'>5 <\/option><option value='6'>6 <\/option><option value='7'>7 <\/option><option value='8'>8 <\/option><option value='9'>9 <\/option><option value='10'>10 <\/option>                                        <\/select>\n                                    <\/div>\n                                    <button type=\"button\" class=\"btn btn-default button-save btn-block\">Zapisa\u0107<\/button>\n                                <\/div>\n                            <\/div>\n                        <\/div>\n                        <button type=\"submit\" class=\"btn btn-primary btn-block\">Rezerwuj teraz<\/button>\n                <\/div>\n                <\/form>\n        <\/div>\n        <\/div>\n        <\/div>\n    [\/vc_column][\/vc_row][vc_row][vc_column el_class=&#8221;smjestaj&#8221; css=&#8221;.vc_custom_1456486151205{padding-right: 45px !important;padding-left: 45px !important;}&#8221;][vc_row_inner][vc_column_inner width=&#8221;1\/2&#8243; css=&#8221;.vc_custom_1458236784358{margin-top: 50px !important;}&#8221;][vc_column_text]\n<p class=\"rezervacije\">Sk\u0142ada si\u0119 z nowocze\u015bnie urz\u0105dzonych pokoi. Wszystkie pokoje s\u0105 klimatyzowane, posiadaj\u0105 lazienk\u0119 z suszark\u0105 do w\u0142os\u00f3w oraz TV.<\/p>\n<p class=\"rezervacije\">Hotel Orbis 3 posiada wbudowan\u0105 wind\u0119 i w ten spos\u00f3b przystosowany jest do potrzeb os\u00f3b o ograniczonej sprawno\u015bci ruchowej. Rownie\u017c swoim go\u015bciom oferuje bezp\u0142atny bezprzewodowy dost\u0119p do internetu.<\/p>\n[\/vc_column_text][\/vc_column_inner][vc_column_inner width=&#8221;1\/2&#8243; css=&#8221;.vc_custom_1458235894769{margin-top: 20px !important;}&#8221;]\n      <table class=\"table table-striped mt30\">\n        <tbody>\n            \n        <tr>\n        \n\n        <td>\n        <i class=\"fa fa-check-circle\"><\/i>\u00a0WiFi Internet\n        <\/td>\n  \n\n        <td>\n        <i class=\"fa fa-check-circle\"><\/i>\u00a0Miejsce parkingowe\n        <\/td>\n  \n\n        <td>\n        <i class=\"fa fa-check-circle\"><\/i>\u00a0Klimatyzacj\u0119\n        <\/td>\n  \n\n        <\/tr>\n  \n\n        <tr>\n        \n\n        <td>\n        <i class=\"fa fa-check-circle\"><\/i>\u00a0Restauracja\n        <\/td>\n  \n\n        <td>\n        <i class=\"fa fa-check-circle\"><\/i> Bar\n        <\/td>\n  \n\n        <td>\n        <i class=\"fa fa-check-circle\"><\/i>\u00a0Elewator\n        <\/td>\n  \n\n        <\/tr>\n  \n\n        <tr>\n        \n\n        <td>\n        <i class=\"fa fa-check-circle\"><\/i>\u00a0Sklep z pami\u0105tkami\n        <\/td>\n  \n\n        <td>\n        <i class=\"fa fa-check-circle\"><\/i>\u00a0Tv\/SAT\n        <\/td>\n  \n\n        <td>\n        <i class=\"fa fa-check-circle\"><\/i>\u00a0Widok na ko\u015bci\u00f3\u0142\n        <\/td>\n  \n\n        <\/tr>\n  \n\n        <tr>\n        \n\n        <td>\n        <i class=\"fa fa-check-circle\"><\/i>\u00a0Balkon\n        <\/td>\n  \n\n        <td>\n        <i class=\"fa fa-check-circle\"><\/i>\u00a0Suszark\u0119 do w\u0142os\u00f3w\n        <\/td>\n  \n\n        <td>\n        <i class=\"fa fa-check-circle\"><\/i>\u00a0\u0141azienk\u0119\n        <\/td>\n  \n\n        <\/tr>\n  \n        <\/tbody>\n        <\/table>\n  [\/vc_column_inner][\/vc_row_inner][\/vc_column][\/vc_row]\n","protected":false},"excerpt":{"rendered":"<p>[vc_row content_placement=&#8221;top&#8221; el_id=&#8221;rezervacije&#8221;][vc_column width=&#8221;2\/3&#8243;][\/vc_column][vc_column width=&#8221;1\/3&#8243; el_class=&#8221;rezervacije&#8221;][\/vc_column][\/vc_row][vc_row][vc_column el_class=&#8221;smjestaj&#8221; css=&#8221;.vc_custom_1456486151205{padding-right: 45px !important;padding-left: 45px !important;}&#8221;][vc_row_inner][vc_column_inner width=&#8221;1\/2&#8243; css=&#8221;.vc_custom_1458236784358{margin-top: 50px !important;}&#8221;][vc_column_text] Sk\u0142ada si\u0119 z nowocze\u015bnie urz\u0105dzonych pokoi. Wszystkie pokoje s\u0105 klimatyzowane, posiadaj\u0105 lazienk\u0119 z suszark\u0105 do w\u0142os\u00f3w oraz TV. Hotel Orbis 3 posiada wbudowan\u0105 wind\u0119 i w ten spos\u00f3b przystosowany jest do potrzeb os\u00f3b o ograniczonej sprawno\u015bci ruchowej. Rownie\u017c swoim [&hellip;]<\/p>\n","protected":false},"author":1,"featured_media":0,"parent":0,"menu_order":0,"comment_status":"closed","ping_status":"closed","template":"","meta":[],"_links":{"self":[{"href":"https:\/\/www.medjugorje-orbis3.com\/pl\/wp-json\/wp\/v2\/pages\/675"}],"collection":[{"href":"https:\/\/www.medjugorje-orbis3.com\/pl\/wp-json\/wp\/v2\/pages"}],"about":[{"href":"https:\/\/www.medjugorje-orbis3.com\/pl\/wp-json\/wp\/v2\/types\/page"}],"author":[{"embeddable":true,"href":"https:\/\/www.medjugorje-orbis3.com\/pl\/wp-json\/wp\/v2\/users\/1"}],"replies":[{"embeddable":true,"href":"https:\/\/www.medjugorje-orbis3.com\/pl\/wp-json\/wp\/v2\/comments?post=675"}],"version-history":[{"count":3,"href":"https:\/\/www.medjugorje-orbis3.com\/pl\/wp-json\/wp\/v2\/pages\/675\/revisions"}],"predecessor-version":[{"id":678,"href":"https:\/\/www.medjugorje-orbis3.com\/pl\/wp-json\/wp\/v2\/pages\/675\/revisions\/678"}],"wp:attachment":[{"href":"https:\/\/www.medjugorje-orbis3.com\/pl\/wp-json\/wp\/v2\/media?parent=675"}],"curies":[{"name":"wp","href":"https:\/\/api.w.org\/{rel}","templated":true}]}}