{"id":539,"date":"2015-03-14T16:04:07","date_gmt":"2015-03-14T16:04:07","guid":{"rendered":"http:\/\/www.medjugorje-orbis3.com\/pl\/naslovna\/"},"modified":"2021-09-15T12:50:52","modified_gmt":"2021-09-15T10:50:52","slug":"strona-glowna","status":"publish","type":"page","link":"https:\/\/www.medjugorje-orbis3.com\/pl\/","title":{"rendered":"Strona g\u0142\u00f3wna"},"content":{"rendered":"[vc_row][vc_column][vc_row_inner el_id=&#8221;text-box&#8221;][vc_column_inner el_class=&#8221;left-content&#8221; width=&#8221;3\/4&#8243;][vc_column_text]\n<h1 class=\"text-center\">O NAS<\/h1>\n[\/vc_column_text][vc_column_text css_animation=&#8221;top-to-bottom&#8221; css=&#8221;.vc_custom_1458223172867{background-position: center !important;background-repeat: no-repeat !important;background-size: cover !important;}&#8221;]\n<div class=\"tekst-box\">\n<p>Hotel Orbis 3 to nowy rodzinny hotel. Po\u0142o\u017cony jest w samym centrum Medjugorje. Znajduje si\u0119 w pobli\u017cu ko\u015bcio\u0142a \u015bw.Jakuba, od kt\u00f3rego jest udalony tylko 40 metr\u00f3w.<br \/>\nPowsta\u0142 po wielu latach do\u015bwiadczenia w bran\u017cy hotelowej, od dawnego 1986 roku.<br \/>\nHotel ten po prostu jest kontynuacj\u0105 pierwszego Hotelu Orbis 1.<\/p>\n<p>W hotelu znajduj\u0119 si\u0119 restauracja dla go\u015bci hotelu, z zawsze \u015bwie\u017cymi hercegowi\u0144skimi przysmakami.<br \/>\nSk\u0142ada si\u0119 z nowocze\u015bnie urz\u0105dzonych pokoi. Wszystkie pokoje s\u0105 klimatyzowane, posiadaj\u0105 lazienk\u0119 z suszark\u0105 do w\u0142os\u00f3w oraz TV.<br \/>\nHotel Orbis 3 posiada wbudowan\u0105 wind\u0119 i w ten spos\u00f3b przystosowany jest do potrzeb os\u00f3b o ograniczonej sprawno\u015bci ruchowej. Rownie\u017c swoim go\u015bciom oferuje bezp\u0142atny bezprzewodowy dost\u0119p do internetu.<\/p>\n<p>Wasze zaufanie na pewno nie zawiedziemy poniewa\u017c jeste\u015bmy tu by Pa\u0144stwa pobyt uczyni\u0107 jak najbardziej komfortowym i przyjemnym.<br \/>\nDzi\u0119ki naszemu profesjonalnemu personelowi na pewno odczujecie \u017cyczliwo\u015b\u0107 i uslug\u0119 wysokiej jako\u015bci.<\/p>\n<p>Ju\u017c cieszymy si\u0119 z Waszego przybycia!<\/p>\n<p>W\u0142a\u015bciciel: Stanko \u010cili\u0107<\/p><\/div>\n[\/vc_column_text][vc_images_carousel images=&#8221;324,357,358,384&#8243; slides_per_view=&#8221;3&#8243; hide_pagination_control=&#8221;yes&#8221; hide_prev_next_buttons=&#8221;yes&#8221; css=&#8221;.vc_custom_1456482727103{padding-right: 30px !important;padding-left: 30px !important;}&#8221;][\/vc_column_inner][vc_column_inner el_class=&#8221;left-message&#8221; width=&#8221;1\/4&#8243;][vc_column_text]\n<h1 class=\"lady-message\">Przes\u0142anie Matki Bo\u017cej<\/h1>\n[\/vc_column_text][vc_column_text]\n<div class=\"lady-message\">\n<p class=\"lady-message\">\u201eDrogie dzieci!<br \/>\nW tym czasie \u0142aski wszystkich was wzywam do nawr\u00f3cenia.<br \/>\nDziatki, ma\u0142o kochacie, jeszcze mniej si\u0119 modlicie.<br \/>\nJeste\u015bcie zagubieni i nie wiecie co jest waszym celem.<br \/>\nWe\u017acie krzy\u017c, patrzcie na Jezusa i id\u017acie za Nim.<br \/>\nOn wam si\u0119 daje [a\u017c] po \u015bmier\u0107 na krzy\u017cu, bo was kocha.<br \/>\nDziatki, wzywam was, powr\u00f3\u0107cie do modlitwy sercem,<br \/>\naby\u015bcie w modlitwie znale\u017ali nadziej\u0119 i sens waszego \u017cycia. Jestem z wami i modl\u0119 si\u0119 za was.<br \/>\nDzi\u0119kuj\u0119 wam, \u017ce odpowiedzieli\u015bcie na moje wezwanie.\u201d<\/p>\n<p class=\"lady-message\"><img loading=\"lazy\" class=\"aligncenter wp-image-522 size-medium\" src=\"http:\/\/www.medjugorje-orbis3.com\/wp-content\/uploads\/2015\/03\/queen-of-peace-259x300.png\" alt=\"queen-of-peace\" width=\"259\" height=\"300\" srcset=\"https:\/\/www.medjugorje-orbis3.com\/wp-content\/uploads\/2015\/03\/queen-of-peace-259x300.png 259w, https:\/\/www.medjugorje-orbis3.com\/wp-content\/uploads\/2015\/03\/queen-of-peace.png 357w\" sizes=\"(max-width: 259px) 100vw, 259px\" \/><\/p>\n<\/div>\n[\/vc_column_text][\/vc_column_inner][\/vc_row_inner][\/vc_column][\/vc_row][vc_row][vc_column width=&#8221;2\/3&#8243;][vc_column_text]\n[\/vc_column_text][\/vc_column][vc_column width=&#8221;1\/3&#8243;][\/vc_column][\/vc_row][vc_row css=&#8221;.vc_custom_1456512556416{padding-right: 25px !important;padding-left: 25px !important;}&#8221;][vc_column][vc_column_text]\n<h1 class=\"text-center\">ZAKWATEROWANIE<\/h1>\n[\/vc_column_text]            \n    <!-- Rooms -->\n    <div class=\"rooms mt110\">\n        <div class=\"row room-list\">\n            \n                    <!-- Room -->\n                                        <div class=\"col-sm-4 \">\n                                                <div class=\"room-thumb\">\n                            <img width=\"900\" height=\"600\" src=\"https:\/\/www.medjugorje-orbis3.com\/wp-content\/uploads\/2016\/03\/KMP_4798-Large.jpg\" class=\"img-responsive wp-post-image\" alt=\"\" loading=\"lazy\" srcset=\"https:\/\/www.medjugorje-orbis3.com\/wp-content\/uploads\/2016\/03\/KMP_4798-Large.jpg 900w, https:\/\/www.medjugorje-orbis3.com\/wp-content\/uploads\/2016\/03\/KMP_4798-Large-300x200.jpg 300w, https:\/\/www.medjugorje-orbis3.com\/wp-content\/uploads\/2016\/03\/KMP_4798-Large-768x512.jpg 768w\" sizes=\"(max-width: 900px) 100vw, 900px\" \/>                            <div class=\"mask\">\n                                <div class=\"main\">\n                                    <h5>Pok\u00f3j jednoosobowy<\/h5>\n                                                                    <\/div>\n                                <div class=\"content\">\n                                                                        <p><span>Pok\u00f3j zawiera:<\/span><\/p>\n\n                                    <div class=\"row\">\n                                        <div class=\"col-xs-6\">\n                                            <ul class=\"list-unstyled\">\n                                                <li><i class='fa fa-check-circle'><\/i> \u0141azienk\u0119<\/li><li><i class='fa fa-check-circle'><\/i> Suszark\u0119 do w\u0142os\u00f3w<\/li><li><i class='fa fa-check-circle'><\/i> TV<\/li>                                            <\/ul>\n                                        <\/div>\n                                        <div class=\"col-xs-6\">\n                                            <ul class=\"list-unstyled\">\n                                                <li><i class='fa fa-check-circle'><\/i> Wi-Fi<\/li><li><i class='fa fa-check-circle'><\/i> Klimatyzacj\u0119<\/li><li><i class='fa fa-check-circle'><\/i> Balkon<\/li>                                            <\/ul>\n                                        <\/div>\n                                    <\/div>\n\n                                                                        \n                                    \n                                                                        <a href= \"https:\/\/www.medjugorje-orbis3.com\/pl\/rezerwacje\/\" class=\"btn btn-primary btn-block\">\n                                    Rezerwuj teraz<\/a>\n                                    \n                                    \n                                    \n                                                                    <\/div>\n                            <\/div>\n                        <\/div>\n                    <\/div>\n                \n                    <!-- Room -->\n                                        <div class=\"col-sm-4 \">\n                                                <div class=\"room-thumb\">\n                            <img width=\"900\" height=\"600\" src=\"https:\/\/www.medjugorje-orbis3.com\/wp-content\/uploads\/2015\/03\/KMP_4785-Large.jpg\" class=\"img-responsive wp-post-image\" alt=\"\" loading=\"lazy\" srcset=\"https:\/\/www.medjugorje-orbis3.com\/wp-content\/uploads\/2015\/03\/KMP_4785-Large.jpg 900w, https:\/\/www.medjugorje-orbis3.com\/wp-content\/uploads\/2015\/03\/KMP_4785-Large-300x200.jpg 300w, https:\/\/www.medjugorje-orbis3.com\/wp-content\/uploads\/2015\/03\/KMP_4785-Large-768x512.jpg 768w\" sizes=\"(max-width: 900px) 100vw, 900px\" \/>                            <div class=\"mask\">\n                                <div class=\"main\">\n                                    <h5>Pok\u00f3j dwuosobowy<\/h5>\n                                                                    <\/div>\n                                <div class=\"content\">\n                                                                        <p><span>Pok\u00f3j zawiera: <\/span><\/p>\n\n                                    <div class=\"row\">\n                                        <div class=\"col-xs-6\">\n                                            <ul class=\"list-unstyled\">\n                                                <li><i class='fa fa-check-circle'><\/i> \u0141azienk\u0119<\/li><li><i class='fa fa-check-circle'><\/i> Suszark\u0119 do w\u0142os\u00f3w<\/li><li><i class='fa fa-check-circle'><\/i> TV<\/li>                                            <\/ul>\n                                        <\/div>\n                                        <div class=\"col-xs-6\">\n                                            <ul class=\"list-unstyled\">\n                                                <li><i class='fa fa-check-circle'><\/i> Wi-Fi<\/li><li><i class='fa fa-check-circle'><\/i> Klimatyzacj\u0119<\/li><li><i class='fa fa-check-circle'><\/i> Balkon<\/li>                                            <\/ul>\n                                        <\/div>\n                                    <\/div>\n\n                                                                        \n                                    \n                                                                        <a href= \"https:\/\/www.medjugorje-orbis3.com\/pl\/rezerwacje\/\" class=\"btn btn-primary btn-block\">\n                                    Rezerwuj teraz<\/a>\n                                    \n                                    \n                                    \n                                                                    <\/div>\n                            <\/div>\n                        <\/div>\n                    <\/div>\n                \n                    <!-- Room -->\n                                        <div class=\"col-sm-4 \">\n                                                <div class=\"room-thumb\">\n                            <img width=\"900\" height=\"600\" src=\"https:\/\/www.medjugorje-orbis3.com\/wp-content\/uploads\/2016\/03\/KMP_4899-Large.jpg\" class=\"img-responsive wp-post-image\" alt=\"\" loading=\"lazy\" srcset=\"https:\/\/www.medjugorje-orbis3.com\/wp-content\/uploads\/2016\/03\/KMP_4899-Large.jpg 900w, https:\/\/www.medjugorje-orbis3.com\/wp-content\/uploads\/2016\/03\/KMP_4899-Large-300x200.jpg 300w, https:\/\/www.medjugorje-orbis3.com\/wp-content\/uploads\/2016\/03\/KMP_4899-Large-768x512.jpg 768w\" sizes=\"(max-width: 900px) 100vw, 900px\" \/>                            <div class=\"mask\">\n                                <div class=\"main\">\n                                    <h5>Pok\u00f3j dwuosobowy &#8211; \u0142\u00f3\u017cko ma\u0142\u017ce\u0144skie<\/h5>\n                                                                    <\/div>\n                                <div class=\"content\">\n                                                                        <p><span>Pok\u00f3j zawiera: <\/span><\/p>\n\n                                    <div class=\"row\">\n                                        <div class=\"col-xs-6\">\n                                            <ul class=\"list-unstyled\">\n                                                <li><i class='fa fa-check-circle'><\/i> \u0141azienk\u0119<\/li><li><i class='fa fa-check-circle'><\/i> Suszark\u0119 do w\u0142os\u00f3w<\/li><li><i class='fa fa-check-circle'><\/i> TV<\/li>                                            <\/ul>\n                                        <\/div>\n                                        <div class=\"col-xs-6\">\n                                            <ul class=\"list-unstyled\">\n                                                <li><i class='fa fa-check-circle'><\/i> Wi-Fi<\/li><li><i class='fa fa-check-circle'><\/i> Klimatyzacj\u0119<\/li><li><i class='fa fa-check-circle'><\/i> Balkon<\/li>                                            <\/ul>\n                                        <\/div>\n                                    <\/div>\n\n                                                                        \n                                    \n                                                                        <a href= \"https:\/\/www.medjugorje-orbis3.com\/pl\/rezerwacje\/\" class=\"btn btn-primary btn-block\">\n                                    Rezerwuj teraz<\/a>\n                                    \n                                    \n                                    \n                                                                    <\/div>\n                            <\/div>\n                        <\/div>\n                    <\/div>\n                                    <\/div>\n    <\/div>\n    [\/vc_column][\/vc_row][vc_row disable_element=&#8221;yes&#8221; css=&#8221;.vc_custom_1631703049662{margin-top: 50px !important;}&#8221;][vc_column][vc_column_text]\n<h1 class=\"text-center\">SPACER PRZEZ HOTEL<\/h1>\n[\/vc_column_text][vc_raw_html]JTNDaWZyYW1lJTIwc3R5bGUlM0QlMjJ3aWR0aCUzQTEwMCUyNSUzQiUyMGhlaWdodCUzQTUwMHB4JTIyJTIwc3JjJTNEJTIyaHR0cHMlM0ElMkYlMkZteS5tYXR0ZXJwb3J0LmNvbSUyRnNob3clMkYlM0ZtJTNERHdqb1ZRaEJDRHAlMjIlMjBmcmFtZWJvcmRlciUzRCUyMjAlMjIlMjBhbGxvd2Z1bGxzY3JlZW4lMjBhbGxvdyUzRCUyMnZyJTIyJTNFJTNDJTJGaWZyYW1lJTNF[\/vc_raw_html][\/vc_column][\/vc_row][vc_row][vc_column][vc_column_text css=&#8221;.vc_custom_1458223702329{margin-top: 40px !important;margin-bottom: 55px !important;}&#8221;]\n<h1 class=\"text-center\">UDOGODNIENIA<\/h1>\n[\/vc_column_text][vc_row_inner][vc_column_inner width=&#8221;1\/6&#8243;]\n    <div class=\"usp\">\n        <div class=\"box-icon\">\n                <div class=\"circle\"><i class=\"fa fa fa-glass fa-lg\"><\/i><\/div>\n                <h3>Caffe bar<\/h3>\n                <p><\/p>\n        <\/div>\n    <\/div>\n    [\/vc_column_inner][vc_column_inner width=&#8221;1\/6&#8243;]\n    <div class=\"usp\">\n        <div class=\"box-icon\">\n                <div class=\"circle\"><i class=\"fa fa fa-cutlery fa-lg\"><\/i><\/div>\n                <h3>Restauracja<\/h3>\n                <p><\/p>\n        <\/div>\n    <\/div>\n    [\/vc_column_inner][vc_column_inner width=&#8221;1\/6&#8243;]\n    <div class=\"usp\">\n        <div class=\"box-icon\">\n                <div class=\"circle\"><i class=\"fa fa fa-wifi fa-lg\"><\/i><\/div>\n                <h3>WiFi Internet<\/h3>\n                <p><\/p>\n        <\/div>\n    <\/div>\n    [\/vc_column_inner][vc_column_inner width=&#8221;1\/6&#8243;]\n    <div class=\"usp\">\n        <div class=\"box-icon\">\n                <div class=\"circle\"><i class=\"fa fa fa-desktop fa-lg\"><\/i><\/div>\n                <h3>Sat\/TV<\/h3>\n                <p><\/p>\n        <\/div>\n    <\/div>\n    [\/vc_column_inner][vc_column_inner width=&#8221;1\/6&#8243;]\n    <div class=\"usp\">\n        <div class=\"box-icon\">\n                <div class=\"circle\"><i class=\"fa fa fa-car fa-lg\"><\/i><\/div>\n                <h3>Parkowanie<\/h3>\n                <p><\/p>\n        <\/div>\n    <\/div>\n    [\/vc_column_inner][vc_column_inner width=&#8221;1\/6&#8243;]\n    <div class=\"usp\">\n        <div class=\"box-icon\">\n                <div class=\"circle\"><i class=\"fa fa fa-building-o fa-lg\"><\/i><\/div>\n                <h3>Elewator<\/h3>\n                <p><\/p>\n        <\/div>\n    <\/div>\n    [\/vc_column_inner][\/vc_row_inner][\/vc_column][\/vc_row]\n","protected":false},"excerpt":{"rendered":"<p>[vc_row][vc_column][vc_row_inner el_id=&#8221;text-box&#8221;][vc_column_inner el_class=&#8221;left-content&#8221; width=&#8221;3\/4&#8243;][vc_column_text] O NAS [\/vc_column_text][vc_column_text css_animation=&#8221;top-to-bottom&#8221; css=&#8221;.vc_custom_1458223172867{background-position: center !important;background-repeat: no-repeat !important;background-size: cover !important;}&#8221;] Hotel Orbis 3 to nowy rodzinny hotel. Po\u0142o\u017cony jest w samym centrum Medjugorje. Znajduje si\u0119 w pobli\u017cu ko\u015bcio\u0142a \u015bw.Jakuba, od kt\u00f3rego jest udalony tylko 40 metr\u00f3w. Powsta\u0142 po wielu latach do\u015bwiadczenia w bran\u017cy hotelowej, od dawnego 1986 roku. Hotel ten [&hellip;]<\/p>\n","protected":false},"author":1,"featured_media":0,"parent":0,"menu_order":0,"comment_status":"closed","ping_status":"closed","template":"page-slider-reservation.php","meta":[],"_links":{"self":[{"href":"https:\/\/www.medjugorje-orbis3.com\/pl\/wp-json\/wp\/v2\/pages\/539"}],"collection":[{"href":"https:\/\/www.medjugorje-orbis3.com\/pl\/wp-json\/wp\/v2\/pages"}],"about":[{"href":"https:\/\/www.medjugorje-orbis3.com\/pl\/wp-json\/wp\/v2\/types\/page"}],"author":[{"embeddable":true,"href":"https:\/\/www.medjugorje-orbis3.com\/pl\/wp-json\/wp\/v2\/users\/1"}],"replies":[{"embeddable":true,"href":"https:\/\/www.medjugorje-orbis3.com\/pl\/wp-json\/wp\/v2\/comments?post=539"}],"version-history":[{"count":10,"href":"https:\/\/www.medjugorje-orbis3.com\/pl\/wp-json\/wp\/v2\/pages\/539\/revisions"}],"predecessor-version":[{"id":844,"href":"https:\/\/www.medjugorje-orbis3.com\/pl\/wp-json\/wp\/v2\/pages\/539\/revisions\/844"}],"wp:attachment":[{"href":"https:\/\/www.medjugorje-orbis3.com\/pl\/wp-json\/wp\/v2\/media?parent=539"}],"curies":[{"name":"wp","href":"https:\/\/api.w.org\/{rel}","templated":true}]}}