{"id":680,"date":"2016-01-22T18:18:57","date_gmt":"2016-01-22T18:18:57","guid":{"rendered":"http:\/\/www.medjugorje-orbis3.com\/es\/rezervacija\/"},"modified":"2016-03-23T13:30:27","modified_gmt":"2016-03-23T13:30:27","slug":"reservas","status":"publish","type":"page","link":"https:\/\/www.medjugorje-orbis3.com\/es\/reservas\/","title":{"rendered":"Reservas"},"content":{"rendered":"[vc_row content_placement=\u00bbtop\u00bb el_id=\u00bbrezervacije\u00bb][vc_column width=\u00bb2\/3&#8243;][\/vc_column][vc_column width=\u00bb1\/3&#8243; el_class=\u00bbrezervacije\u00bb]        <!-- Reservation form -->\n        <div class=\"mt50\">\n            <div id=\"reservation-form\" class=\"mt50 clearfix\">\n                <div class=\"row col-sm-12\">\n                    <form class=\"reservation-vertical clearfix\" role=\"form\" method=\"post\" action=\"https:\/\/www.medjugorje-orbis3.com\/wp-content\/themes\/starhotel\/inc\/reservation.php\" name=\"reservationform\"\n                          id=\"reservationform\">\n                        <h2 class=\"lined-heading\"><span>Reservas<\/span><\/h2>\n\n                        <!-- Error message -->\n                        <div id=\"message\"><\/div>\n                        <div class=\"form-group\">\n                            <label for=\"email\" accesskey=\"E\">E-mail<\/label>\n                                                            <div class=\"popover-icon\" data-container=\"body\" data-toggle=\"popover\"\n                                     data-trigger=\"hover\" data-placement=\"right\"\n                                     data-content=\"Por favor, introduzca su email\"><i\n                                        class=\"fa fa-info-circle fa-lg\"> <\/i><\/div>\n                                                        <input name=\"email\" type=\"text\" id=\"email\" value=\"\" class=\"form-control\"\n                                   placeholder=\"Por favor, introduzca su email\"\/>\n                        <\/div>\n                                                    <div class=\"form-group\">\n                            <label for=\"room\">El tipo de habitaci\u00f3n<\/label>\n                                                            <div class=\"popover-icon\" data-container=\"body\" data-toggle=\"popover\"\n                                     data-trigger=\"hover\" data-placement=\"right\"\n                                     data-content=\"Por favor seleccione una habitaci\u00f3n\"><i\n                                        class=\"fa fa-info-circle fa-lg\"> <\/i><\/div>\n                                                            \n                                    <select class=\"form-control\" name=\"room\" id=\"room\">\n                                        <option selected=\"selected\" disabled=\"disabled\">Seleccione una habitaci\u00f3n<\/option>                                      \n                                                                                                                                        <option value=\"Habitaci\u00f3n cuadruple\">Habitaci\u00f3n cuadruple<\/option>\n                                                                                                            <option value=\"Habitaci\u00f3n triple\">Habitaci\u00f3n triple<\/option>\n                                                                                                            <option value=\"Habitaci\u00f3n doble &#8211; cama matrimonial\">Habitaci\u00f3n doble &#8211; cama matrimonial<\/option>\n                                                                                                            <option value=\"Doble habitacion\">Doble habitacion<\/option>\n                                                                                                            <option value=\"Habitaci\u00f3n individual\">Habitaci\u00f3n individual<\/option>\n                                                                                                                                            \n                                    <\/select>                            \n                        <\/div>\n                      <div class=\"form-group\">\n                            <label for=\"checkin\">Registrarse<\/label>\n                                                            <div class=\"popover-icon\" data-container=\"body\" data-toggle=\"popover\"\n                                     data-trigger=\"hover\" data-placement=\"right\"\n                                     data-content=\"El registro es a de 11:00 a\"><i\n                                        class=\"fa fa-info-circle fa-lg\"> <\/i><\/div>\n                                                            <i class=\"fa fa-calendar infield\"><\/i>\n                            <input name=\"checkin\" type=\"text\" id=\"checkin\" value=\"\" class=\"form-control\"\n                                   placeholder=\"Registrarse\"\/>\n                        <\/div>\n                        <div class=\"form-group\">\n                            <label for=\"checkout\">Salida<\/label>\n                                                            <div class=\"popover-icon\" data-container=\"body\" data-toggle=\"popover\"\n                                     data-trigger=\"hover\" data-placement=\"right\"\n                                     data-content=\"Hora de salida es hasta las 12:00\"><i\n                                        class=\"fa fa-info-circle fa-lg\"> <\/i><\/div>\n                                                            <i class=\"fa fa-calendar infield\"><\/i>\n                            <input name=\"checkout\" type=\"text\" id=\"checkout\" value=\"\" class=\"form-control\"\n                                   placeholder=\"Salida\"\/>\n                        <\/div>\n                        <div class=\"form-group\">\n                            <div class=\"guests-select\">\n                                <label>Hu\u00e9spedes<\/label>\n                                <i class=\"fa fa-user infield\"><\/i>\n                                <div class=\"total form-control\" id=\"test\">1<\/div>\n                                <div class=\"guests\">\n                                    <div class=\"form-group adults\">\n                                        <label for=\"adults\">Adultos<\/label>\n                                                                                    <div class=\"popover-icon\" data-container=\"body\" data-toggle=\"popover\"\n                                                 data-trigger=\"hover\" data-placement=\"right\"\n                                                 data-content=\"+18 a\u00f1os\"><i\n                                                    class=\"fa fa-info-circle fa-lg\"> <\/i><\/div>\n                                                                                <select name=\"adults\" id=\"adults\" class=\"form-control\">\n                                            <option value='1'>1 <\/option><option value='2'>2 <\/option><option value='3'>3 <\/option><option value='4'>4 <\/option><option value='5'>5 <\/option><option value='6'>6 <\/option><option value='7'>7 <\/option><option value='8'>8 <\/option><option value='9'>9 <\/option><option value='10'>10 <\/option>                                        <\/select>\n                                    <\/div>\n                                    <div class=\"form-group children\">\n                                        <label for=\"children\">Ni\u00f1os<\/label>\n                                                                                    <div class=\"popover-icon\" data-container=\"body\" data-toggle=\"popover\"\n                                                 data-trigger=\"hover\" data-placement=\"right\"\n                                                 data-content=\"0 hasta 18 a\u00f1os\"><i\n                                                    class=\"fa fa-info-circle fa-lg\"> <\/i><\/div>\n                                                                                    <select\n                                            name=\"children\" id=\"children\" class=\"form-control\">\n                                            <option value='0'>0 <\/option><option value='1'>1 <\/option><option value='2'>2 <\/option><option value='3'>3 <\/option><option value='4'>4 <\/option><option value='5'>5 <\/option><option value='6'>6 <\/option><option value='7'>7 <\/option><option value='8'>8 <\/option><option value='9'>9 <\/option><option value='10'>10 <\/option>                                        <\/select>\n                                    <\/div>\n                                    <button type=\"button\" class=\"btn btn-default button-save btn-block\">Grabar<\/button>\n                                <\/div>\n                            <\/div>\n                        <\/div>\n                        <button type=\"submit\" class=\"btn btn-primary btn-block\">Reserva ahora<\/button>\n                <\/div>\n                <\/form>\n        <\/div>\n        <\/div>\n        <\/div>\n    [\/vc_column][\/vc_row][vc_row][vc_column el_class=\u00bbsmjestaj\u00bb css=\u00bb.vc_custom_1456486151205{padding-right: 45px !important;padding-left: 45px !important;}\u00bb][vc_row_inner][vc_column_inner width=\u00bb1\/2&#8243; css=\u00bb.vc_custom_1458236784358{margin-top: 50px !important;}\u00bb][vc_column_text]\n<p class=\"rezervacije\">Las habitaciones son modernas, con aire acondicionado, televisi\u00f3n y ba\u00f1o privado con secador de pelo.<\/p>\n<p class=\"rezervacije\">El hotel Orbis 3 dispone de ascensor y est\u00e1 adaptado para los hu\u00e9spedes con movilidad reducida. Tambi\u00e9n hay un WiFi gratis en todas las habitaciones.<\/p>\n[\/vc_column_text][\/vc_column_inner][vc_column_inner width=\u00bb1\/2&#8243; css=\u00bb.vc_custom_1458235894769{margin-top: 20px !important;}\u00bb]\n      <table class=\"table table-striped mt30\">\n        <tbody>\n            \n        <tr>\n        \n\n        <td>\n        <i class=\"fa fa-check-circle\"><\/i>\u00a0WiFi Internet\n        <\/td>\n  \n\n        <td>\n        <i class=\"fa fa-check-circle\"><\/i>\u00a0Plaza de aparcamiento\n        <\/td>\n  \n\n        <td>\n        <i class=\"fa fa-check-circle\"><\/i>\u00a0Aire acondicionado\n        <\/td>\n  \n\n        <\/tr>\n  \n\n        <tr>\n        \n\n        <td>\n        <i class=\"fa fa-check-circle\"><\/i>\u00a0Restaurante\n        <\/td>\n  \n\n        <td>\n        <i class=\"fa fa-check-circle\"><\/i> Bar\n        <\/td>\n  \n\n        <td>\n        <i class=\"fa fa-check-circle\"><\/i>\u00a0Ascensor\n        <\/td>\n  \n\n        <\/tr>\n  \n\n        <tr>\n        \n\n        <td>\n        <i class=\"fa fa-check-circle\"><\/i>\u00a0Tienda de recuerdos\n        <\/td>\n  \n\n        <td>\n        <i class=\"fa fa-check-circle\"><\/i>\u00a0Tv\/SAT\n        <\/td>\n  \n\n        <td>\n        <i class=\"fa fa-check-circle\"><\/i>\u00a0Vista hacia la iglesia\n        <\/td>\n  \n\n        <\/tr>\n  \n\n        <tr>\n        \n\n        <td>\n        <i class=\"fa fa-check-circle\"><\/i>\u00a0Terraza\n        <\/td>\n  \n\n        <td>\n        <i class=\"fa fa-check-circle\"><\/i>\u00a0Secador de pelo\n        <\/td>\n  \n\n        <td>\n        <i class=\"fa fa-check-circle\"><\/i>\u00a0Ba\u00f1o\n        <\/td>\n  \n\n        <\/tr>\n  \n        <\/tbody>\n        <\/table>\n  [\/vc_column_inner][\/vc_row_inner][\/vc_column][\/vc_row]\n","protected":false},"excerpt":{"rendered":"<p>[vc_row content_placement=\u00bbtop\u00bb el_id=\u00bbrezervacije\u00bb][vc_column width=\u00bb2\/3&#8243;][\/vc_column][vc_column width=\u00bb1\/3&#8243; el_class=\u00bbrezervacije\u00bb][\/vc_column][\/vc_row][vc_row][vc_column el_class=\u00bbsmjestaj\u00bb css=\u00bb.vc_custom_1456486151205{padding-right: 45px !important;padding-left: 45px !important;}\u00bb][vc_row_inner][vc_column_inner width=\u00bb1\/2&#8243; css=\u00bb.vc_custom_1458236784358{margin-top: 50px !important;}\u00bb][vc_column_text] Las habitaciones son modernas, con aire acondicionado, televisi\u00f3n y ba\u00f1o privado con secador de pelo. El hotel Orbis 3 dispone de ascensor y est\u00e1 adaptado para los hu\u00e9spedes con movilidad reducida. Tambi\u00e9n hay un WiFi gratis en todas las [&hellip;]<\/p>\n","protected":false},"author":1,"featured_media":0,"parent":0,"menu_order":0,"comment_status":"closed","ping_status":"closed","template":"","meta":[],"_links":{"self":[{"href":"https:\/\/www.medjugorje-orbis3.com\/es\/wp-json\/wp\/v2\/pages\/680"}],"collection":[{"href":"https:\/\/www.medjugorje-orbis3.com\/es\/wp-json\/wp\/v2\/pages"}],"about":[{"href":"https:\/\/www.medjugorje-orbis3.com\/es\/wp-json\/wp\/v2\/types\/page"}],"author":[{"embeddable":true,"href":"https:\/\/www.medjugorje-orbis3.com\/es\/wp-json\/wp\/v2\/users\/1"}],"replies":[{"embeddable":true,"href":"https:\/\/www.medjugorje-orbis3.com\/es\/wp-json\/wp\/v2\/comments?post=680"}],"version-history":[{"count":3,"href":"https:\/\/www.medjugorje-orbis3.com\/es\/wp-json\/wp\/v2\/pages\/680\/revisions"}],"predecessor-version":[{"id":684,"href":"https:\/\/www.medjugorje-orbis3.com\/es\/wp-json\/wp\/v2\/pages\/680\/revisions\/684"}],"wp:attachment":[{"href":"https:\/\/www.medjugorje-orbis3.com\/es\/wp-json\/wp\/v2\/media?parent=680"}],"curies":[{"name":"wp","href":"https:\/\/api.w.org\/{rel}","templated":true}]}}