{"id":648,"date":"2015-03-16T21:04:57","date_gmt":"2015-03-16T21:04:57","guid":{"rendered":"http:\/\/www.medjugorje-orbis3.com\/es\/kontakt\/"},"modified":"2019-04-18T08:15:06","modified_gmt":"2019-04-18T08:15:06","slug":"contacto","status":"publish","type":"page","link":"https:\/\/www.medjugorje-orbis3.com\/es\/contacto\/","title":{"rendered":"Contacto"},"content":{"rendered":"[vc_row][vc_column][vc_raw_html]JTNDaWZyYW1lJTIwc3JjJTNEJTIyaHR0cHMlM0ElMkYlMkZ3d3cuZ29vZ2xlLmNvbSUyRm1hcHMlMkZlbWJlZCUzRnBiJTNEJTIxMW0xOCUyMTFtMTIlMjExbTMlMjExZDI4MzkxLjYzODY3NjcyNzY3JTIxMmQxNy42NDUyMTI0Mjg4MTMwNjQlMjEzZDQzLjE5MTU0NzQ1MzQwNjA4JTIxMm0zJTIxMWYwJTIxMmYwJTIxM2YwJTIxM20yJTIxMWkxMDI0JTIxMmk3NjglMjE0ZjEzLjElMjEzbTMlMjExbTIlMjExczB4MTM0YjZkMzBlY2JlNzdmZCUyNTNBMHhiZWFiZjQ3MzIzOTZkMzNmJTIxMnNIb3RlbCUyQk9SQklTJTJCMyUyMTVlMSUyMTNtMiUyMTFzaHIlMjEyc2JhJTIxNHYxNTU1NDk5NjU4NTU0JTIxNW0yJTIxMXNociUyMTJzYmElMjIlMjB3aWR0aCUzRCUyMjEwMCUyNSUyMiUyMGhlaWdodCUzRCUyMjQ1MCUyMiUyMGZyYW1lYm9yZGVyJTNEJTIyMCUyMiUyMHN0eWxlJTNEJTIyYm9yZGVyJTNBMCUyMiUyMGFsbG93ZnVsbHNjcmVlbiUzRSUzQyUyRmlmcmFtZSUzRQ==[\/vc_raw_html][\/vc_column][\/vc_row][vc_row][vc_column width=\u00bb2\/3&#8243;][vc_column_text]\n<h1 class=\"text-center\">CONT\u00c1CTENOS<\/h1>\n[\/vc_column_text][vc_empty_space height=\u00bb20px\u00bb][vc_column_text]<div role=\"form\" class=\"wpcf7\" id=\"wpcf7-f659-o1\" lang=\"hr\" dir=\"ltr\">\n<div class=\"screen-reader-response\"><\/div>\n<form action=\"\/es\/wp-json\/wp\/v2\/pages\/648#wpcf7-f659-o1\" method=\"post\" class=\"wpcf7-form\" novalidate=\"novalidate\">\n<div style=\"display: none;\">\n<input type=\"hidden\" name=\"_wpcf7\" value=\"659\" \/>\n<input type=\"hidden\" name=\"_wpcf7_version\" value=\"5.1.1\" \/>\n<input type=\"hidden\" name=\"_wpcf7_locale\" value=\"hr\" \/>\n<input type=\"hidden\" name=\"_wpcf7_unit_tag\" value=\"wpcf7-f659-o1\" \/>\n<input type=\"hidden\" name=\"_wpcf7_container_post\" value=\"0\" \/>\n<input type=\"hidden\" name=\"g-recaptcha-response\" value=\"\" \/>\n<\/div>\n<div id=\"stylized\" class=\"myform\">\n<form id=\"form1\">\n<div class=\"ig-1-2-r\">\n<p><label><span class=\"required\">*<\/span> Su nombre<\/label><br \/>\n    <span class=\"wpcf7-form-control-wrap your-name\"><input type=\"text\" name=\"your-name\" value=\"\" size=\"40\" class=\"wpcf7-form-control wpcf7-text wpcf7-validates-as-required\" aria-required=\"true\" aria-invalid=\"false\" \/><\/span> <\/p>\n<\/div>\n<div class=\"ig-1-2-l\">\n<p><label><span class=\"required\">*<\/span> Su e-mail<\/label><br \/>\n    <span class=\"wpcf7-form-control-wrap your-email\"><input type=\"email\" name=\"your-email\" value=\"\" size=\"40\" class=\"wpcf7-form-control wpcf7-text wpcf7-email wpcf7-validates-as-required wpcf7-validates-as-email\" aria-required=\"true\" aria-invalid=\"false\" \/><\/span> <\/p>\n<\/div>\n<div class=\"ig-1-1\">\n<p><label><span class=\"required\">*<\/span> Sujeto<\/label><br \/>\n    <span class=\"wpcf7-form-control-wrap your-subject\"><input type=\"text\" name=\"your-subject\" value=\"\" size=\"40\" class=\"wpcf7-form-control wpcf7-text wpcf7-validates-as-required\" aria-required=\"true\" aria-invalid=\"false\" \/><\/span> <\/p>\n<\/div>\n<div class=\"ig-1-1\">\n<p><label><span class=\"required\">*<\/span> Su Mensaje<\/label><br \/>\n    <span class=\"wpcf7-form-control-wrap your-message\"><textarea name=\"your-message\" cols=\"40\" rows=\"10\" class=\"wpcf7-form-control wpcf7-textarea wpcf7-validates-as-required\" aria-required=\"true\" aria-invalid=\"false\"><\/textarea><\/span> <\/p>\n<\/div>\n<p><input type=\"submit\" value=\"Enviar\" class=\"wpcf7-form-control wpcf7-submit\" \/><\/p>\n<\/form>\n<\/div>\n<p> <!-- end of form class --><\/p>\n<div class=\"wpcf7-response-output wpcf7-display-none\"><\/div><\/form><\/div>[\/vc_column_text][\/vc_column][vc_column width=\u00bb1\/3&#8243;][vc_column_text]\n<h1 class=\"text-center\">INFO<\/h1>\n[\/vc_column_text][vc_empty_space height=\u00bb20px\u00bb]\n    \n<a href=\"https:\/\/www.medjugorje-orbis3.com\/wp-content\/uploads\/2016\/01\/orbis.jpg\" data-rel=\"prettyPhoto\" title=\"\"><img src=\"https:\/\/www.medjugorje-orbis3.com\/wp-content\/uploads\/2016\/01\/orbis.jpg\" alt=\"\" class=\"img-thumbnail img-responsive\"><\/a>\n  [vc_column_text css_animation=\u00bbappear\u00bb]\n<table class=\"ig_kontakt\">\n<tbody>\n<tr>\n<td colspan=\"2\"><strong>Hotel\u00a0Orbis3 Me\u0111ugorje<\/strong><\/td>\n<\/tr>\n<tr>\n<td class=\"ig_kontakt_left\"><strong>Direcci\u00f3n:<\/strong><\/td>\n<td class=\"ig_kontakt_right\">Pape Ivana Pavla II br. 4<\/td>\n<\/tr>\n<tr>\n<td class=\"ig_kontakt_right\"><\/td>\n<td class=\"ig_kontakt_right\">88266 Medjugorje, BiH<\/td>\n<\/tr>\n<tr>\n<td class=\"ig_kontakt_left\"><strong><abbr title=\"Tel\u00e9fono\">Tel\u00e9fono:<\/abbr><\/strong><\/td>\n<td class=\"ig_kontakt_right\">+387\u00a036 651 144<\/td>\n<\/tr>\n<tr>\n<td class=\"ig_kontakt_left\"><strong><abbr title=\"Fax\">Fax:<\/abbr><\/strong><\/td>\n<td class=\"ig_kontakt_right\">+387 36 651 844<\/td>\n<\/tr>\n<tr>\n<td class=\"ig_kontakt_left\"><strong><abbr title=\"E-mail\">E-mail:<\/abbr><\/strong><\/td>\n<td class=\"ig_kontakt_right\"><a href=\"mailto:orbis@tel.net.ba\">orbis@tel.net.ba<\/a><\/td>\n<\/tr>\n<tr>\n<td class=\"ig_kontakt_left\"><strong><abbr title=\"Web\">Web:<\/abbr><\/strong><\/td>\n<td class=\"ig_kontakt_right\"><a href=\"http:\/\/www.medjugorje-orbis3.com\">www.medjugorje-orbis3.com<\/a><\/td>\n<\/tr>\n<\/tbody>\n<\/table>\n[\/vc_column_text][\/vc_column][\/vc_row]\n","protected":false},"excerpt":{"rendered":"<p>[vc_row][vc_column][vc_raw_html]JTNDaWZyYW1lJTIwc3JjJTNEJTIyaHR0cHMlM0ElMkYlMkZ3d3cuZ29vZ2xlLmNvbSUyRm1hcHMlMkZlbWJlZCUzRnBiJTNEJTIxMW0xOCUyMTFtMTIlMjExbTMlMjExZDI4MzkxLjYzODY3NjcyNzY3JTIxMmQxNy42NDUyMTI0Mjg4MTMwNjQlMjEzZDQzLjE5MTU0NzQ1MzQwNjA4JTIxMm0zJTIxMWYwJTIxMmYwJTIxM2YwJTIxM20yJTIxMWkxMDI0JTIxMmk3NjglMjE0ZjEzLjElMjEzbTMlMjExbTIlMjExczB4MTM0YjZkMzBlY2JlNzdmZCUyNTNBMHhiZWFiZjQ3MzIzOTZkMzNmJTIxMnNIb3RlbCUyQk9SQklTJTJCMyUyMTVlMSUyMTNtMiUyMTFzaHIlMjEyc2JhJTIxNHYxNTU1NDk5NjU4NTU0JTIxNW0yJTIxMXNociUyMTJzYmElMjIlMjB3aWR0aCUzRCUyMjEwMCUyNSUyMiUyMGhlaWdodCUzRCUyMjQ1MCUyMiUyMGZyYW1lYm9yZGVyJTNEJTIyMCUyMiUyMHN0eWxlJTNEJTIyYm9yZGVyJTNBMCUyMiUyMGFsbG93ZnVsbHNjcmVlbiUzRSUzQyUyRmlmcmFtZSUzRQ==[\/vc_raw_html][\/vc_column][\/vc_row][vc_row][vc_column width=\u00bb2\/3&#8243;][vc_column_text] CONT\u00c1CTENOS [\/vc_column_text][vc_empty_space height=\u00bb20px\u00bb][vc_column_text][\/vc_column_text][\/vc_column][vc_column width=\u00bb1\/3&#8243;][vc_column_text] INFO [\/vc_column_text][vc_empty_space height=\u00bb20px\u00bb][vc_column_text css_animation=\u00bbappear\u00bb] Hotel\u00a0Orbis3 Me\u0111ugorje Direcci\u00f3n: Pape Ivana Pavla II br. 4 88266 Medjugorje, BiH Tel\u00e9fono: +387\u00a036 651 144 Fax: +387 36 651 844 E-mail: orbis@tel.net.ba Web: www.medjugorje-orbis3.com [\/vc_column_text][\/vc_column][\/vc_row]<\/p>\n","protected":false},"author":1,"featured_media":0,"parent":0,"menu_order":0,"comment_status":"closed","ping_status":"closed","template":"page-empty.php","meta":[],"_links":{"self":[{"href":"https:\/\/www.medjugorje-orbis3.com\/es\/wp-json\/wp\/v2\/pages\/648"}],"collection":[{"href":"https:\/\/www.medjugorje-orbis3.com\/es\/wp-json\/wp\/v2\/pages"}],"about":[{"href":"https:\/\/www.medjugorje-orbis3.com\/es\/wp-json\/wp\/v2\/types\/page"}],"author":[{"embeddable":true,"href":"https:\/\/www.medjugorje-orbis3.com\/es\/wp-json\/wp\/v2\/users\/1"}],"replies":[{"embeddable":true,"href":"https:\/\/www.medjugorje-orbis3.com\/es\/wp-json\/wp\/v2\/comments?post=648"}],"version-history":[{"count":4,"href":"https:\/\/www.medjugorje-orbis3.com\/es\/wp-json\/wp\/v2\/pages\/648\/revisions"}],"predecessor-version":[{"id":825,"href":"https:\/\/www.medjugorje-orbis3.com\/es\/wp-json\/wp\/v2\/pages\/648\/revisions\/825"}],"wp:attachment":[{"href":"https:\/\/www.medjugorje-orbis3.com\/es\/wp-json\/wp\/v2\/media?parent=648"}],"curies":[{"name":"wp","href":"https:\/\/api.w.org\/{rel}","templated":true}]}}