{"id":610,"date":"2015-03-14T16:04:07","date_gmt":"2015-03-14T16:04:07","guid":{"rendered":"http:\/\/www.medjugorje-orbis3.com\/es\/naslovna\/"},"modified":"2021-09-15T12:51:20","modified_gmt":"2021-09-15T10:51:20","slug":"inicio","status":"publish","type":"page","link":"https:\/\/www.medjugorje-orbis3.com\/es\/","title":{"rendered":"Inicio"},"content":{"rendered":"[vc_row][vc_column][vc_row_inner el_id=\u00bbtext-box\u00bb][vc_column_inner el_class=\u00bbleft-content\u00bb width=\u00bb3\/4&#8243;][vc_column_text]\n<h1 class=\"text-center\">SOBRE NOSTROS<\/h1>\n[\/vc_column_text][vc_column_text css_animation=\u00bbtop-to-bottom\u00bb css=\u00bb.vc_custom_1458238380106{background-position: center !important;background-repeat: no-repeat !important;background-size: cover !important;}\u00bb]\n<div class=\"tekst-box\">\n<p>Hotel Orbis 3 es un nuevo hotel familiar. Est\u00e1 ubicado en el mismo centro de Medjugorje, a unos 40 m de la iglesia de Santiago Ap\u00f3stol.<\/p>\n<p>Es la continuaci\u00f3n del primer Hotel Orbis 1 y es el resultado de nuestra larga experiencia en la industria de la hospitalidad desde el a\u00f1o 1986.<\/p>\n<p>El hotel cuenta con un restaurante donde se ofrecen delicias hercegovinas elaboradas con productos frescos. Las habitaciones son modernas, con aire acondicionado, televisi\u00f3n y ba\u00f1o privado con secador de pelo.<\/p>\n<p>El hotel Orbis 3 dispone de ascensor y est\u00e1 adaptado para los hu\u00e9spedes con movilidad reducida.<\/p>\n<p>Estamos seguros de satisfacer su confianza, porque con nuestro personal trabajaremos para hacer su estancia todo lo agradable y c\u00f3moda que nos sea posible.<\/p>\n<p>Nos alegraremos de recibirles!<\/p>\n<p>Due\u00f1o: Stanko \u010cili\u0107<\/p><\/div>\n[\/vc_column_text][vc_images_carousel images=\u00bb324,357,358,384&#8243; slides_per_view=\u00bb3&#8243; hide_pagination_control=\u00bbyes\u00bb hide_prev_next_buttons=\u00bbyes\u00bb css=\u00bb.vc_custom_1456482727103{padding-right: 30px !important;padding-left: 30px !important;}\u00bb][\/vc_column_inner][vc_column_inner el_class=\u00bbleft-message\u00bb width=\u00bb1\/4&#8243;][vc_column_text css=\u00bb.vc_custom_1458226610856{margin-top: -5px !important;}\u00bb]\n<h1 class=\"lady-message\">Mensaje de Nuestra Se\u00f1ora<\/h1>\n[\/vc_column_text][vc_column_text]\n<div class=\"lady-message\">\n<p class=\"lady-message\">\u201cQueridos hijos! En este tiempo de gracia los invito a todos a la conversi\u00f3n. Hijitos, ustedes aman poco y oran a\u00fan menos. Est\u00e1n perdidos y no saben cu\u00e1l es su prop\u00f3sito. Tomen la cruz, miren a Jes\u00fas y s\u00edganlo. \u00c9l se entrega a ustedes hasta la muerte en la cruz, porque \u00c9l los ama. Hijitos, los invito a regresar a la oraci\u00f3n con el coraz\u00f3n, para que en la oraci\u00f3n puedan encontrar la esperanza y el sentido de su existencia. Yo estoy con ustedes y oro por ustedes. Gracias por haber respondido a mi llamado.\u00bb<\/p>\n<p class=\"lady-message\"><img loading=\"lazy\" class=\"aligncenter wp-image-522 size-medium\" src=\"http:\/\/www.medjugorje-orbis3.com\/wp-content\/uploads\/2015\/03\/queen-of-peace-259x300.png\" alt=\"queen-of-peace\" width=\"259\" height=\"300\" srcset=\"https:\/\/www.medjugorje-orbis3.com\/wp-content\/uploads\/2015\/03\/queen-of-peace-259x300.png 259w, https:\/\/www.medjugorje-orbis3.com\/wp-content\/uploads\/2015\/03\/queen-of-peace.png 357w\" sizes=\"(max-width: 259px) 100vw, 259px\" \/><\/p>\n<\/div>\n[\/vc_column_text][\/vc_column_inner][\/vc_row_inner][\/vc_column][\/vc_row][vc_row][vc_column width=\u00bb2\/3&#8243;][vc_column_text]\n[\/vc_column_text][\/vc_column][vc_column width=\u00bb1\/3&#8243;][\/vc_column][\/vc_row][vc_row css=\u00bb.vc_custom_1456512556416{padding-right: 25px !important;padding-left: 25px !important;}\u00bb][vc_column][vc_column_text]\n<h1 class=\"text-center\">ALOJAMIENTO<\/h1>\n[\/vc_column_text]            \n    <!-- Rooms -->\n    <div class=\"rooms mt110\">\n        <div class=\"row room-list\">\n            \n                    <!-- Room -->\n                                        <div class=\"col-sm-4 \">\n                                                <div class=\"room-thumb\">\n                            <img width=\"900\" height=\"600\" src=\"https:\/\/www.medjugorje-orbis3.com\/wp-content\/uploads\/2016\/03\/KMP_4798-Large.jpg\" class=\"img-responsive wp-post-image\" alt=\"\" loading=\"lazy\" srcset=\"https:\/\/www.medjugorje-orbis3.com\/wp-content\/uploads\/2016\/03\/KMP_4798-Large.jpg 900w, https:\/\/www.medjugorje-orbis3.com\/wp-content\/uploads\/2016\/03\/KMP_4798-Large-300x200.jpg 300w, https:\/\/www.medjugorje-orbis3.com\/wp-content\/uploads\/2016\/03\/KMP_4798-Large-768x512.jpg 768w\" sizes=\"(max-width: 900px) 100vw, 900px\" \/>                            <div class=\"mask\">\n                                <div class=\"main\">\n                                    <h5>Habitaci\u00f3n individual<\/h5>\n                                                                    <\/div>\n                                <div class=\"content\">\n                                                                        <p><span>Servicio de la habitaci\u00f3n:<\/span><\/p>\n\n                                    <div class=\"row\">\n                                        <div class=\"col-xs-6\">\n                                            <ul class=\"list-unstyled\">\n                                                <li><i class='fa fa-check-circle'><\/i> Ba\u00f1o<\/li><li><i class='fa fa-check-circle'><\/i> Secador de pelo<\/li><li><i class='fa fa-check-circle'><\/i> TV<\/li>                                            <\/ul>\n                                        <\/div>\n                                        <div class=\"col-xs-6\">\n                                            <ul class=\"list-unstyled\">\n                                                <li><i class='fa fa-check-circle'><\/i> Wi-Fi<\/li><li><i class='fa fa-check-circle'><\/i> Aire acondicionado<\/li><li><i class='fa fa-check-circle'><\/i> Terraza<\/li>                                            <\/ul>\n                                        <\/div>\n                                    <\/div>\n\n                                                                        \n                                    \n                                    \n                                                                        <a href= \"https:\/\/www.medjugorje-orbis3.com\/es\/reservas\/\" class=\"btn btn-primary btn-block\">\n                                    Reserva ahora<\/a>\n                                    \n                                    \n                                                                    <\/div>\n                            <\/div>\n                        <\/div>\n                    <\/div>\n                \n                    <!-- Room -->\n                                        <div class=\"col-sm-4 \">\n                                                <div class=\"room-thumb\">\n                            <img width=\"900\" height=\"600\" src=\"https:\/\/www.medjugorje-orbis3.com\/wp-content\/uploads\/2015\/03\/KMP_4785-Large.jpg\" class=\"img-responsive wp-post-image\" alt=\"\" loading=\"lazy\" srcset=\"https:\/\/www.medjugorje-orbis3.com\/wp-content\/uploads\/2015\/03\/KMP_4785-Large.jpg 900w, https:\/\/www.medjugorje-orbis3.com\/wp-content\/uploads\/2015\/03\/KMP_4785-Large-300x200.jpg 300w, https:\/\/www.medjugorje-orbis3.com\/wp-content\/uploads\/2015\/03\/KMP_4785-Large-768x512.jpg 768w\" sizes=\"(max-width: 900px) 100vw, 900px\" \/>                            <div class=\"mask\">\n                                <div class=\"main\">\n                                    <h5>Doble habitacion<\/h5>\n                                                                    <\/div>\n                                <div class=\"content\">\n                                                                        <p><span>Servicio de la habitaci\u00f3n:<\/span>\r\n<\/p>\n\n                                    <div class=\"row\">\n                                        <div class=\"col-xs-6\">\n                                            <ul class=\"list-unstyled\">\n                                                <li><i class='fa fa-check-circle'><\/i> Ba\u00f1o<\/li><li><i class='fa fa-check-circle'><\/i> Secador de pelo<\/li><li><i class='fa fa-check-circle'><\/i> TV<\/li>                                            <\/ul>\n                                        <\/div>\n                                        <div class=\"col-xs-6\">\n                                            <ul class=\"list-unstyled\">\n                                                <li><i class='fa fa-check-circle'><\/i> Wi-Fi<\/li><li><i class='fa fa-check-circle'><\/i> Aire acondicionado<\/li><li><i class='fa fa-check-circle'><\/i> Terraza<\/li>                                            <\/ul>\n                                        <\/div>\n                                    <\/div>\n\n                                                                        \n                                    \n                                    \n                                                                        <a href= \"https:\/\/www.medjugorje-orbis3.com\/es\/reservas\/\" class=\"btn btn-primary btn-block\">\n                                    Reserva ahora<\/a>\n                                    \n                                    \n                                                                    <\/div>\n                            <\/div>\n                        <\/div>\n                    <\/div>\n                \n                    <!-- Room -->\n                                        <div class=\"col-sm-4 \">\n                                                <div class=\"room-thumb\">\n                            <img width=\"900\" height=\"600\" src=\"https:\/\/www.medjugorje-orbis3.com\/wp-content\/uploads\/2016\/03\/KMP_4899-Large.jpg\" class=\"img-responsive wp-post-image\" alt=\"\" loading=\"lazy\" srcset=\"https:\/\/www.medjugorje-orbis3.com\/wp-content\/uploads\/2016\/03\/KMP_4899-Large.jpg 900w, https:\/\/www.medjugorje-orbis3.com\/wp-content\/uploads\/2016\/03\/KMP_4899-Large-300x200.jpg 300w, https:\/\/www.medjugorje-orbis3.com\/wp-content\/uploads\/2016\/03\/KMP_4899-Large-768x512.jpg 768w\" sizes=\"(max-width: 900px) 100vw, 900px\" \/>                            <div class=\"mask\">\n                                <div class=\"main\">\n                                    <h5>Habitaci\u00f3n doble &#8211; cama matrimonial<\/h5>\n                                                                    <\/div>\n                                <div class=\"content\">\n                                                                        <p><span>Servicio de la habitaci\u00f3n:<\/span>\r\n<\/p>\n\n                                    <div class=\"row\">\n                                        <div class=\"col-xs-6\">\n                                            <ul class=\"list-unstyled\">\n                                                <li><i class='fa fa-check-circle'><\/i> Ba\u00f1o<\/li><li><i class='fa fa-check-circle'><\/i> Secador de pelo<\/li><li><i class='fa fa-check-circle'><\/i> TV<\/li>                                            <\/ul>\n                                        <\/div>\n                                        <div class=\"col-xs-6\">\n                                            <ul class=\"list-unstyled\">\n                                                <li><i class='fa fa-check-circle'><\/i> Wi-Fi<\/li><li><i class='fa fa-check-circle'><\/i> Aire acondicionado<\/li><li><i class='fa fa-check-circle'><\/i> Terraza<\/li>                                            <\/ul>\n                                        <\/div>\n                                    <\/div>\n\n                                                                        \n                                    \n                                    \n                                                                        <a href= \"https:\/\/www.medjugorje-orbis3.com\/es\/reservas\/\" class=\"btn btn-primary btn-block\">\n                                    Reserva ahora<\/a>\n                                    \n                                    \n                                                                    <\/div>\n                            <\/div>\n                        <\/div>\n                    <\/div>\n                                    <\/div>\n    <\/div>\n    [\/vc_column][\/vc_row][vc_row disable_element=\u00bbyes\u00bb css=\u00bb.vc_custom_1631703078636{margin-top: 50px !important;}\u00bb][vc_column][vc_column_text]\n<h1 class=\"text-center\">UN PASEO POR EL HOTEL<\/h1>\n[\/vc_column_text][vc_raw_html]JTNDaWZyYW1lJTIwc3R5bGUlM0QlMjJ3aWR0aCUzQTEwMCUyNSUzQiUyMGhlaWdodCUzQTUwMHB4JTIyJTIwc3JjJTNEJTIyaHR0cHMlM0ElMkYlMkZteS5tYXR0ZXJwb3J0LmNvbSUyRnNob3clMkYlM0ZtJTNERHdqb1ZRaEJDRHAlMjIlMjBmcmFtZWJvcmRlciUzRCUyMjAlMjIlMjBhbGxvd2Z1bGxzY3JlZW4lMjBhbGxvdyUzRCUyMnZyJTIyJTNFJTNDJTJGaWZyYW1lJTNF[\/vc_raw_html][\/vc_column][\/vc_row][vc_row][vc_column][vc_column_text css=\u00bb.vc_custom_1458229796028{margin-top: 40px !important;margin-bottom: 55px !important;}\u00bb]\n<h1 class=\"text-center\">COMODIDADES<\/h1>\n[\/vc_column_text][vc_row_inner][vc_column_inner width=\u00bb1\/6&#8243;]\n    <div class=\"usp\">\n        <div class=\"box-icon\">\n                <div class=\"circle\"><i class=\"fa fa fa-glass fa-lg\"><\/i><\/div>\n                <h3>Caffe bar<\/h3>\n                <p><\/p>\n        <\/div>\n    <\/div>\n    [\/vc_column_inner][vc_column_inner width=\u00bb1\/6&#8243;]\n    <div class=\"usp\">\n        <div class=\"box-icon\">\n                <div class=\"circle\"><i class=\"fa fa fa-cutlery fa-lg\"><\/i><\/div>\n                <h3>Restaurante<\/h3>\n                <p><\/p>\n        <\/div>\n    <\/div>\n    [\/vc_column_inner][vc_column_inner width=\u00bb1\/6&#8243;]\n    <div class=\"usp\">\n        <div class=\"box-icon\">\n                <div class=\"circle\"><i class=\"fa fa fa-wifi fa-lg\"><\/i><\/div>\n                <h3>WiFi Internet<\/h3>\n                <p><\/p>\n        <\/div>\n    <\/div>\n    [\/vc_column_inner][vc_column_inner width=\u00bb1\/6&#8243;]\n    <div class=\"usp\">\n        <div class=\"box-icon\">\n                <div class=\"circle\"><i class=\"fa fa fa-desktop fa-lg\"><\/i><\/div>\n                <h3>Sat\/TV<\/h3>\n                <p><\/p>\n        <\/div>\n    <\/div>\n    [\/vc_column_inner][vc_column_inner width=\u00bb1\/6&#8243;]\n    <div class=\"usp\">\n        <div class=\"box-icon\">\n                <div class=\"circle\"><i class=\"fa fa fa-car fa-lg\"><\/i><\/div>\n                <h3>Aparcamiento<\/h3>\n                <p><\/p>\n        <\/div>\n    <\/div>\n    [\/vc_column_inner][vc_column_inner width=\u00bb1\/6&#8243;]\n    <div class=\"usp\">\n        <div class=\"box-icon\">\n                <div class=\"circle\"><i class=\"fa fa fa-building-o fa-lg\"><\/i><\/div>\n                <h3>Ascensor<\/h3>\n                <p><\/p>\n        <\/div>\n    <\/div>\n    [\/vc_column_inner][\/vc_row_inner][\/vc_column][\/vc_row]\n","protected":false},"excerpt":{"rendered":"<p>[vc_row][vc_column][vc_row_inner el_id=\u00bbtext-box\u00bb][vc_column_inner el_class=\u00bbleft-content\u00bb width=\u00bb3\/4&#8243;][vc_column_text] SOBRE NOSTROS [\/vc_column_text][vc_column_text css_animation=\u00bbtop-to-bottom\u00bb css=\u00bb.vc_custom_1458238380106{background-position: center !important;background-repeat: no-repeat !important;background-size: cover !important;}\u00bb] Hotel Orbis 3 es un nuevo hotel familiar. Est\u00e1 ubicado en el mismo centro de Medjugorje, a unos 40 m de la iglesia de Santiago Ap\u00f3stol. Es la continuaci\u00f3n del primer Hotel Orbis 1 y es el resultado de nuestra [&hellip;]<\/p>\n","protected":false},"author":1,"featured_media":0,"parent":0,"menu_order":0,"comment_status":"closed","ping_status":"closed","template":"page-slider-reservation.php","meta":[],"_links":{"self":[{"href":"https:\/\/www.medjugorje-orbis3.com\/es\/wp-json\/wp\/v2\/pages\/610"}],"collection":[{"href":"https:\/\/www.medjugorje-orbis3.com\/es\/wp-json\/wp\/v2\/pages"}],"about":[{"href":"https:\/\/www.medjugorje-orbis3.com\/es\/wp-json\/wp\/v2\/types\/page"}],"author":[{"embeddable":true,"href":"https:\/\/www.medjugorje-orbis3.com\/es\/wp-json\/wp\/v2\/users\/1"}],"replies":[{"embeddable":true,"href":"https:\/\/www.medjugorje-orbis3.com\/es\/wp-json\/wp\/v2\/comments?post=610"}],"version-history":[{"count":10,"href":"https:\/\/www.medjugorje-orbis3.com\/es\/wp-json\/wp\/v2\/pages\/610\/revisions"}],"predecessor-version":[{"id":845,"href":"https:\/\/www.medjugorje-orbis3.com\/es\/wp-json\/wp\/v2\/pages\/610\/revisions\/845"}],"wp:attachment":[{"href":"https:\/\/www.medjugorje-orbis3.com\/es\/wp-json\/wp\/v2\/media?parent=610"}],"curies":[{"name":"wp","href":"https:\/\/api.w.org\/{rel}","templated":true}]}}